{"id":8,"date":"2021-03-26T11:04:42","date_gmt":"2021-03-26T11:04:42","guid":{"rendered":"http:\/\/pomocdrogowaatlas.pl\/atlaswp\/?page_id=8"},"modified":"2021-03-30T07:46:25","modified_gmt":"2021-03-30T07:46:25","slug":"o-nas","status":"publish","type":"page","link":"https:\/\/pomocdrogowaatlas.pl\/index.php\/o-nas\/","title":{"rendered":"O nas"},"content":{"rendered":"","protected":false},"excerpt":{"rendered":"","protected":false},"author":1,"featured_media":0,"parent":0,"menu_order":0,"comment_status":"closed","ping_status":"closed","template":"","meta":[],"yoast_head":"<!-- This site is optimized with the Yoast SEO plugin v16.4 - https:\/\/yoast.com\/wordpress\/plugins\/seo\/ -->\n<title>O nas - +48 601 586 295<\/title>\n<meta name=\"description\" content=\"Pomoc drogowa ATLAS jest dost\u0119pna 24 godziny na dob\u0119 przez 7 dni w tygodniu. Szybka pomoc i wysoka skuteczno\u015b\u0107. Holowanie i lawetowanie\" \/>\n<meta name=\"robots\" content=\"index, follow, max-snippet:-1, max-image-preview:large, max-video-preview:-1\" \/>\n<link rel=\"canonical\" href=\"https:\/\/pomocdrogowaatlas.pl\/index.php\/o-nas\/\" \/>\n<meta property=\"og:locale\" content=\"pl_PL\" \/>\n<meta property=\"og:type\" content=\"article\" \/>\n<meta property=\"og:title\" content=\"O nas - +48 601 586 295\" \/>\n<meta property=\"og:description\" content=\"Pomoc drogowa ATLAS jest dost\u0119pna 24 godziny na dob\u0119 przez 7 dni w tygodniu. Szybka pomoc i wysoka skuteczno\u015b\u0107. Holowanie i lawetowanie\" \/>\n<meta property=\"og:url\" content=\"https:\/\/pomocdrogowaatlas.pl\/index.php\/o-nas\/\" \/>\n<meta property=\"og:site_name\" content=\"+48 601 586 295\" \/>\n<meta property=\"article:modified_time\" content=\"2021-03-30T07:46:25+00:00\" \/>\n<meta name=\"twitter:card\" content=\"summary_large_image\" \/>\n<script type=\"application\/ld+json\" class=\"yoast-schema-graph\">{\"@context\":\"https:\/\/schema.org\",\"@graph\":[{\"@type\":\"Organization\",\"@id\":\"https:\/\/pomocdrogowaatlas.pl\/#organization\",\"name\":\"ATLAS Pomoc Drogowa\",\"url\":\"https:\/\/pomocdrogowaatlas.pl\/\",\"sameAs\":[],\"logo\":{\"@type\":\"ImageObject\",\"@id\":\"https:\/\/pomocdrogowaatlas.pl\/#logo\",\"inLanguage\":\"pl-PL\",\"url\":\"https:\/\/pomocdrogowaatlas.pl\/wp-content\/uploads\/2021\/03\/cropped-Post-na-Facebook-940x788-px-2.png\",\"contentUrl\":\"https:\/\/pomocdrogowaatlas.pl\/wp-content\/uploads\/2021\/03\/cropped-Post-na-Facebook-940x788-px-2.png\",\"width\":361,\"height\":338,\"caption\":\"ATLAS Pomoc Drogowa\"},\"image\":{\"@id\":\"https:\/\/pomocdrogowaatlas.pl\/#logo\"}},{\"@type\":\"WebSite\",\"@id\":\"https:\/\/pomocdrogowaatlas.pl\/#website\",\"url\":\"https:\/\/pomocdrogowaatlas.pl\/\",\"name\":\"Pomoc Drogowa ATLAS\",\"description\":\"Holowanie, lawetowanie, pomoc drogowa 24h\/7\",\"publisher\":{\"@id\":\"https:\/\/pomocdrogowaatlas.pl\/#organization\"},\"potentialAction\":[{\"@type\":\"SearchAction\",\"target\":\"https:\/\/pomocdrogowaatlas.pl\/?s={search_term_string}\",\"query-input\":\"required name=search_term_string\"}],\"inLanguage\":\"pl-PL\"},{\"@type\":\"WebPage\",\"@id\":\"https:\/\/pomocdrogowaatlas.pl\/index.php\/o-nas\/#webpage\",\"url\":\"https:\/\/pomocdrogowaatlas.pl\/index.php\/o-nas\/\",\"name\":\"O nas - +48 601 586 295\",\"isPartOf\":{\"@id\":\"https:\/\/pomocdrogowaatlas.pl\/#website\"},\"datePublished\":\"2021-03-26T11:04:42+00:00\",\"dateModified\":\"2021-03-30T07:46:25+00:00\",\"description\":\"Pomoc drogowa ATLAS jest dost\\u0119pna 24 godziny na dob\\u0119 przez 7 dni w tygodniu. Szybka pomoc i wysoka skuteczno\\u015b\\u0107. Holowanie i lawetowanie\",\"breadcrumb\":{\"@id\":\"https:\/\/pomocdrogowaatlas.pl\/index.php\/o-nas\/#breadcrumb\"},\"inLanguage\":\"pl-PL\",\"potentialAction\":[{\"@type\":\"ReadAction\",\"target\":[\"https:\/\/pomocdrogowaatlas.pl\/index.php\/o-nas\/\"]}]},{\"@type\":\"BreadcrumbList\",\"@id\":\"https:\/\/pomocdrogowaatlas.pl\/index.php\/o-nas\/#breadcrumb\",\"itemListElement\":[{\"@type\":\"ListItem\",\"position\":1,\"item\":{\"@type\":\"WebPage\",\"@id\":\"https:\/\/pomocdrogowaatlas.pl\/\",\"url\":\"https:\/\/pomocdrogowaatlas.pl\/\",\"name\":\"Strona g\\u0142\\u00f3wna\"}},{\"@type\":\"ListItem\",\"position\":2,\"item\":{\"@id\":\"https:\/\/pomocdrogowaatlas.pl\/index.php\/o-nas\/#webpage\"}}]}]}<\/script>\n<!-- \/ Yoast SEO plugin. -->","_links":{"self":[{"href":"https:\/\/pomocdrogowaatlas.pl\/index.php\/wp-json\/wp\/v2\/pages\/8"}],"collection":[{"href":"https:\/\/pomocdrogowaatlas.pl\/index.php\/wp-json\/wp\/v2\/pages"}],"about":[{"href":"https:\/\/pomocdrogowaatlas.pl\/index.php\/wp-json\/wp\/v2\/types\/page"}],"author":[{"embeddable":true,"href":"https:\/\/pomocdrogowaatlas.pl\/index.php\/wp-json\/wp\/v2\/users\/1"}],"replies":[{"embeddable":true,"href":"https:\/\/pomocdrogowaatlas.pl\/index.php\/wp-json\/wp\/v2\/comments?post=8"}],"version-history":[{"count":2,"href":"https:\/\/pomocdrogowaatlas.pl\/index.php\/wp-json\/wp\/v2\/pages\/8\/revisions"}],"predecessor-version":[{"id":78,"href":"https:\/\/pomocdrogowaatlas.pl\/index.php\/wp-json\/wp\/v2\/pages\/8\/revisions\/78"}],"wp:attachment":[{"href":"https:\/\/pomocdrogowaatlas.pl\/index.php\/wp-json\/wp\/v2\/media?parent=8"}],"curies":[{"name":"wp","href":"https:\/\/api.w.org\/{rel}","templated":true}]}}